{"id":105,"date":"2020-01-19T22:48:07","date_gmt":"2020-01-19T21:48:07","guid":{"rendered":"http:\/\/schaubryllup.azurewebsites.net\/?page_id=105"},"modified":"2020-06-07T20:58:40","modified_gmt":"2020-06-07T18:58:40","slug":"information","status":"publish","type":"page","link":"https:\/\/bryllup.schauweb.dk\/index.php\/home\/information\/","title":{"rendered":"Information"},"content":{"rendered":"\n<p>SU senest 2. august til Michael<br> 22217772 \u00a0| \u00a0schau@outlook.dk<\/p>\n\n\n\n<p><strong>Kirke<\/strong><br>\u00d8se Kirke,&nbsp;S\u00f8nderskovvej 123, \u00d8se, 6800 Varde<\/p>\n\n\n\n<p><strong>Fest<\/strong><br>G\u00f8rdinglund Herreg\u00e5rd, Hessellundvej 5, 6690 G\u00f8rding<\/p>\n\n\n\n<p><strong>Toastmaster<\/strong><br>Morten Teglgaard, 30653007 &nbsp;| &nbsp;<a href=\"mailto:morten.teglgaard@yahoo.dk\">morten.teglgaard@yahoo.dk<\/a><\/p>\n\n\n\n<p><strong>Gavekoordinator<\/strong><br>Dorthe Houm\u00f8ller,&nbsp;26298977 &nbsp;| &nbsp;<a href=\"mailto:houmoller5@gmail.com\">houmoller5@gmail.com<\/a><\/p>\n","protected":false},"excerpt":{"rendered":"<p>SU senest 2. august til Michael 22217772 \u00a0| \u00a0schau@outlook.dk Kirke\u00d8se Kirke,&nbsp;S\u00f8nderskovvej 123, \u00d8se, 6800 Varde FestG\u00f8rdinglund Herreg\u00e5rd, Hessellundvej 5, 6690 G\u00f8rding ToastmasterMorten Teglgaard, 30653007 &nbsp;| &nbsp;morten.teglgaard@yahoo.dk GavekoordinatorDorthe Houm\u00f8ller,&nbsp;26298977 &nbsp;| &nbsp;houmoller5@gmail.com<\/p>\n","protected":false},"author":1,"featured_media":0,"parent":80,"menu_order":0,"comment_status":"closed","ping_status":"closed","template":"","meta":{"footnotes":""},"yoast_head":"<!-- This site is optimized with the Yoast SEO plugin v21.2 - https:\/\/yoast.com\/wordpress\/plugins\/seo\/ -->\r\n<title>Information - Sanne &amp; Michael<\/title>\r\n<meta name=\"robots\" content=\"noindex, follow, max-snippet:-1, max-image-preview:large, max-video-preview:-1\" \/>\r\n<meta property=\"og:locale\" content=\"en_US\" \/>\r\n<meta property=\"og:type\" content=\"article\" \/>\r\n<meta property=\"og:title\" content=\"Information - Sanne &amp; Michael\" \/>\r\n<meta property=\"og:description\" content=\"SU senest 2. august til Michael 22217772 \u00a0| \u00a0schau@outlook.dk Kirke\u00d8se Kirke,&nbsp;S\u00f8nderskovvej 123, \u00d8se, 6800 Varde FestG\u00f8rdinglund Herreg\u00e5rd, Hessellundvej 5, 6690 G\u00f8rding ToastmasterMorten Teglgaard, 30653007 &nbsp;| &nbsp;morten.teglgaard@yahoo.dk GavekoordinatorDorthe Houm\u00f8ller,&nbsp;26298977 &nbsp;| &nbsp;houmoller5@gmail.com\" \/>\r\n<meta property=\"og:url\" content=\"https:\/\/bryllup.schauweb.dk\/index.php\/home\/information\/\" \/>\r\n<meta property=\"og:site_name\" content=\"Sanne &amp; Michael\" \/>\r\n<meta property=\"article:modified_time\" content=\"2020-06-07T18:58:40+00:00\" \/>\r\n<meta name=\"twitter:card\" content=\"summary_large_image\" \/>\r\n<script type=\"application\/ld+json\" class=\"yoast-schema-graph\">{\"@context\":\"https:\/\/schema.org\",\"@graph\":[{\"@type\":\"WebPage\",\"@id\":\"https:\/\/bryllup.schauweb.dk\/index.php\/home\/information\/\",\"url\":\"https:\/\/bryllup.schauweb.dk\/index.php\/home\/information\/\",\"name\":\"Information - Sanne &amp; Michael\",\"isPartOf\":{\"@id\":\"https:\/\/schaubryllup.azurewebsites.net\/#website\"},\"datePublished\":\"2020-01-19T21:48:07+00:00\",\"dateModified\":\"2020-06-07T18:58:40+00:00\",\"breadcrumb\":{\"@id\":\"https:\/\/bryllup.schauweb.dk\/index.php\/home\/information\/#breadcrumb\"},\"inLanguage\":\"en-US\",\"potentialAction\":[{\"@type\":\"ReadAction\",\"target\":[\"https:\/\/bryllup.schauweb.dk\/index.php\/home\/information\/\"]}]},{\"@type\":\"BreadcrumbList\",\"@id\":\"https:\/\/bryllup.schauweb.dk\/index.php\/home\/information\/#breadcrumb\",\"itemListElement\":[{\"@type\":\"ListItem\",\"position\":1,\"name\":\"Home\",\"item\":\"https:\/\/schaubryllup.azurewebsites.net\/\"},{\"@type\":\"ListItem\",\"position\":2,\"name\":\"Forside\",\"item\":\"https:\/\/schaubryllup.azurewebsites.net\/\"},{\"@type\":\"ListItem\",\"position\":3,\"name\":\"Information\"}]},{\"@type\":\"WebSite\",\"@id\":\"https:\/\/schaubryllup.azurewebsites.net\/#website\",\"url\":\"https:\/\/schaubryllup.azurewebsites.net\/\",\"name\":\"Sanne &amp; Michael\",\"description\":\"Vi skal giftes!\",\"potentialAction\":[{\"@type\":\"SearchAction\",\"target\":{\"@type\":\"EntryPoint\",\"urlTemplate\":\"https:\/\/schaubryllup.azurewebsites.net\/?s={search_term_string}\"},\"query-input\":\"required name=search_term_string\"}],\"inLanguage\":\"en-US\"}]}<\/script>\r\n<!-- \/ Yoast SEO plugin. -->","yoast_head_json":{"title":"Information - Sanne &amp; Michael","robots":{"index":"noindex","follow":"follow","max-snippet":"max-snippet:-1","max-image-preview":"max-image-preview:large","max-video-preview":"max-video-preview:-1"},"og_locale":"en_US","og_type":"article","og_title":"Information - Sanne &amp; Michael","og_description":"SU senest 2. august til Michael 22217772 \u00a0| \u00a0schau@outlook.dk Kirke\u00d8se Kirke,&nbsp;S\u00f8nderskovvej 123, \u00d8se, 6800 Varde FestG\u00f8rdinglund Herreg\u00e5rd, Hessellundvej 5, 6690 G\u00f8rding ToastmasterMorten Teglgaard, 30653007 &nbsp;| &nbsp;morten.teglgaard@yahoo.dk GavekoordinatorDorthe Houm\u00f8ller,&nbsp;26298977 &nbsp;| &nbsp;houmoller5@gmail.com","og_url":"https:\/\/bryllup.schauweb.dk\/index.php\/home\/information\/","og_site_name":"Sanne &amp; Michael","article_modified_time":"2020-06-07T18:58:40+00:00","twitter_card":"summary_large_image","schema":{"@context":"https:\/\/schema.org","@graph":[{"@type":"WebPage","@id":"https:\/\/bryllup.schauweb.dk\/index.php\/home\/information\/","url":"https:\/\/bryllup.schauweb.dk\/index.php\/home\/information\/","name":"Information - Sanne &amp; Michael","isPartOf":{"@id":"https:\/\/schaubryllup.azurewebsites.net\/#website"},"datePublished":"2020-01-19T21:48:07+00:00","dateModified":"2020-06-07T18:58:40+00:00","breadcrumb":{"@id":"https:\/\/bryllup.schauweb.dk\/index.php\/home\/information\/#breadcrumb"},"inLanguage":"en-US","potentialAction":[{"@type":"ReadAction","target":["https:\/\/bryllup.schauweb.dk\/index.php\/home\/information\/"]}]},{"@type":"BreadcrumbList","@id":"https:\/\/bryllup.schauweb.dk\/index.php\/home\/information\/#breadcrumb","itemListElement":[{"@type":"ListItem","position":1,"name":"Home","item":"https:\/\/schaubryllup.azurewebsites.net\/"},{"@type":"ListItem","position":2,"name":"Forside","item":"https:\/\/schaubryllup.azurewebsites.net\/"},{"@type":"ListItem","position":3,"name":"Information"}]},{"@type":"WebSite","@id":"https:\/\/schaubryllup.azurewebsites.net\/#website","url":"https:\/\/schaubryllup.azurewebsites.net\/","name":"Sanne &amp; Michael","description":"Vi skal giftes!","potentialAction":[{"@type":"SearchAction","target":{"@type":"EntryPoint","urlTemplate":"https:\/\/schaubryllup.azurewebsites.net\/?s={search_term_string}"},"query-input":"required name=search_term_string"}],"inLanguage":"en-US"}]}},"_links":{"self":[{"href":"https:\/\/bryllup.schauweb.dk\/index.php\/wp-json\/wp\/v2\/pages\/105"}],"collection":[{"href":"https:\/\/bryllup.schauweb.dk\/index.php\/wp-json\/wp\/v2\/pages"}],"about":[{"href":"https:\/\/bryllup.schauweb.dk\/index.php\/wp-json\/wp\/v2\/types\/page"}],"author":[{"embeddable":true,"href":"https:\/\/bryllup.schauweb.dk\/index.php\/wp-json\/wp\/v2\/users\/1"}],"replies":[{"embeddable":true,"href":"https:\/\/bryllup.schauweb.dk\/index.php\/wp-json\/wp\/v2\/comments?post=105"}],"version-history":[{"count":2,"href":"https:\/\/bryllup.schauweb.dk\/index.php\/wp-json\/wp\/v2\/pages\/105\/revisions"}],"predecessor-version":[{"id":131,"href":"https:\/\/bryllup.schauweb.dk\/index.php\/wp-json\/wp\/v2\/pages\/105\/revisions\/131"}],"up":[{"embeddable":true,"href":"https:\/\/bryllup.schauweb.dk\/index.php\/wp-json\/wp\/v2\/pages\/80"}],"wp:attachment":[{"href":"https:\/\/bryllup.schauweb.dk\/index.php\/wp-json\/wp\/v2\/media?parent=105"}],"curies":[{"name":"wp","href":"https:\/\/api.w.org\/{rel}","templated":true}]}}