{"id":132,"date":"2020-06-07T22:30:54","date_gmt":"2020-06-07T20:30:54","guid":{"rendered":"http:\/\/bryllup.schauweb.dk\/?page_id=132"},"modified":"2020-06-07T22:31:25","modified_gmt":"2020-06-07T20:31:25","slug":"program","status":"publish","type":"page","link":"https:\/\/bryllup.schauweb.dk\/index.php\/home\/program\/","title":{"rendered":"Program"},"content":{"rendered":"\n<p>Kl. 13.30 Vielse i \u00d8se Kirke (bem\u00e6rk nyt tidspunkt)<br>Kl. 15.00 &#8211; 16.30 Indlogering og en lille forfriskning <br>Kl. 16.20 F\u00e6llesfoto i haven<br>Kl. 16.30 Kaffe og kage<br>Kl. 17.30 Middag og fest til langt ud p\u00e5 natten<\/p>\n\n\n\n<p>6\/9<br>Kl. 9.30 F\u00e6lles morgenmad for dem som vil tilk\u00f8be dette (buffeten er \u00e5ben i 2 timer og koster 70,- pr. person)<\/p>\n","protected":false},"excerpt":{"rendered":"<p>Kl. 13.30 Vielse i \u00d8se Kirke (bem\u00e6rk nyt tidspunkt)Kl. 15.00 &#8211; 16.30 Indlogering og en lille forfriskning Kl. 16.20 F\u00e6llesfoto i havenKl. 16.30 Kaffe og kageKl. 17.30 Middag og fest til langt ud p\u00e5 natten 6\/9Kl. 9.30 F\u00e6lles morgenmad for dem som vil tilk\u00f8be dette (buffeten er \u00e5ben i 2 timer og koster 70,- pr. &hellip; <\/p>\n<p class=\"link-more\"><a href=\"https:\/\/bryllup.schauweb.dk\/index.php\/home\/program\/\" class=\"more-link\">Continue reading<span class=\"screen-reader-text\"> &#8220;Program&#8221;<\/span><\/a><\/p>\n","protected":false},"author":1,"featured_media":0,"parent":80,"menu_order":0,"comment_status":"closed","ping_status":"closed","template":"","meta":{"footnotes":""},"yoast_head":"<!-- This site is optimized with the Yoast SEO plugin v21.2 - https:\/\/yoast.com\/wordpress\/plugins\/seo\/ -->\r\n<title>Program - Sanne &amp; Michael<\/title>\r\n<meta name=\"robots\" content=\"noindex, follow, max-snippet:-1, max-image-preview:large, max-video-preview:-1\" \/>\r\n<meta property=\"og:locale\" content=\"en_US\" \/>\r\n<meta property=\"og:type\" content=\"article\" \/>\r\n<meta property=\"og:title\" content=\"Program - Sanne &amp; Michael\" \/>\r\n<meta property=\"og:description\" content=\"Kl. 13.30 Vielse i \u00d8se Kirke (bem\u00e6rk nyt tidspunkt)Kl. 15.00 &#8211; 16.30 Indlogering og en lille forfriskning Kl. 16.20 F\u00e6llesfoto i havenKl. 16.30 Kaffe og kageKl. 17.30 Middag og fest til langt ud p\u00e5 natten 6\/9Kl. 9.30 F\u00e6lles morgenmad for dem som vil tilk\u00f8be dette (buffeten er \u00e5ben i 2 timer og koster 70,- pr. &hellip; Continue reading &quot;Program&quot;\" \/>\r\n<meta property=\"og:url\" content=\"https:\/\/bryllup.schauweb.dk\/index.php\/home\/program\/\" \/>\r\n<meta property=\"og:site_name\" content=\"Sanne &amp; Michael\" \/>\r\n<meta property=\"article:modified_time\" content=\"2020-06-07T20:31:25+00:00\" \/>\r\n<meta name=\"twitter:card\" content=\"summary_large_image\" \/>\r\n<script type=\"application\/ld+json\" class=\"yoast-schema-graph\">{\"@context\":\"https:\/\/schema.org\",\"@graph\":[{\"@type\":\"WebPage\",\"@id\":\"https:\/\/bryllup.schauweb.dk\/index.php\/home\/program\/\",\"url\":\"https:\/\/bryllup.schauweb.dk\/index.php\/home\/program\/\",\"name\":\"Program - Sanne &amp; Michael\",\"isPartOf\":{\"@id\":\"https:\/\/schaubryllup.azurewebsites.net\/#website\"},\"datePublished\":\"2020-06-07T20:30:54+00:00\",\"dateModified\":\"2020-06-07T20:31:25+00:00\",\"breadcrumb\":{\"@id\":\"https:\/\/bryllup.schauweb.dk\/index.php\/home\/program\/#breadcrumb\"},\"inLanguage\":\"en-US\",\"potentialAction\":[{\"@type\":\"ReadAction\",\"target\":[\"https:\/\/bryllup.schauweb.dk\/index.php\/home\/program\/\"]}]},{\"@type\":\"BreadcrumbList\",\"@id\":\"https:\/\/bryllup.schauweb.dk\/index.php\/home\/program\/#breadcrumb\",\"itemListElement\":[{\"@type\":\"ListItem\",\"position\":1,\"name\":\"Home\",\"item\":\"https:\/\/schaubryllup.azurewebsites.net\/\"},{\"@type\":\"ListItem\",\"position\":2,\"name\":\"Forside\",\"item\":\"https:\/\/schaubryllup.azurewebsites.net\/\"},{\"@type\":\"ListItem\",\"position\":3,\"name\":\"Program\"}]},{\"@type\":\"WebSite\",\"@id\":\"https:\/\/schaubryllup.azurewebsites.net\/#website\",\"url\":\"https:\/\/schaubryllup.azurewebsites.net\/\",\"name\":\"Sanne &amp; Michael\",\"description\":\"Vi skal giftes!\",\"potentialAction\":[{\"@type\":\"SearchAction\",\"target\":{\"@type\":\"EntryPoint\",\"urlTemplate\":\"https:\/\/schaubryllup.azurewebsites.net\/?s={search_term_string}\"},\"query-input\":\"required name=search_term_string\"}],\"inLanguage\":\"en-US\"}]}<\/script>\r\n<!-- \/ Yoast SEO plugin. -->","yoast_head_json":{"title":"Program - Sanne &amp; Michael","robots":{"index":"noindex","follow":"follow","max-snippet":"max-snippet:-1","max-image-preview":"max-image-preview:large","max-video-preview":"max-video-preview:-1"},"og_locale":"en_US","og_type":"article","og_title":"Program - Sanne &amp; Michael","og_description":"Kl. 13.30 Vielse i \u00d8se Kirke (bem\u00e6rk nyt tidspunkt)Kl. 15.00 &#8211; 16.30 Indlogering og en lille forfriskning Kl. 16.20 F\u00e6llesfoto i havenKl. 16.30 Kaffe og kageKl. 17.30 Middag og fest til langt ud p\u00e5 natten 6\/9Kl. 9.30 F\u00e6lles morgenmad for dem som vil tilk\u00f8be dette (buffeten er \u00e5ben i 2 timer og koster 70,- pr. &hellip; Continue reading \"Program\"","og_url":"https:\/\/bryllup.schauweb.dk\/index.php\/home\/program\/","og_site_name":"Sanne &amp; Michael","article_modified_time":"2020-06-07T20:31:25+00:00","twitter_card":"summary_large_image","schema":{"@context":"https:\/\/schema.org","@graph":[{"@type":"WebPage","@id":"https:\/\/bryllup.schauweb.dk\/index.php\/home\/program\/","url":"https:\/\/bryllup.schauweb.dk\/index.php\/home\/program\/","name":"Program - Sanne &amp; Michael","isPartOf":{"@id":"https:\/\/schaubryllup.azurewebsites.net\/#website"},"datePublished":"2020-06-07T20:30:54+00:00","dateModified":"2020-06-07T20:31:25+00:00","breadcrumb":{"@id":"https:\/\/bryllup.schauweb.dk\/index.php\/home\/program\/#breadcrumb"},"inLanguage":"en-US","potentialAction":[{"@type":"ReadAction","target":["https:\/\/bryllup.schauweb.dk\/index.php\/home\/program\/"]}]},{"@type":"BreadcrumbList","@id":"https:\/\/bryllup.schauweb.dk\/index.php\/home\/program\/#breadcrumb","itemListElement":[{"@type":"ListItem","position":1,"name":"Home","item":"https:\/\/schaubryllup.azurewebsites.net\/"},{"@type":"ListItem","position":2,"name":"Forside","item":"https:\/\/schaubryllup.azurewebsites.net\/"},{"@type":"ListItem","position":3,"name":"Program"}]},{"@type":"WebSite","@id":"https:\/\/schaubryllup.azurewebsites.net\/#website","url":"https:\/\/schaubryllup.azurewebsites.net\/","name":"Sanne &amp; Michael","description":"Vi skal giftes!","potentialAction":[{"@type":"SearchAction","target":{"@type":"EntryPoint","urlTemplate":"https:\/\/schaubryllup.azurewebsites.net\/?s={search_term_string}"},"query-input":"required name=search_term_string"}],"inLanguage":"en-US"}]}},"_links":{"self":[{"href":"https:\/\/bryllup.schauweb.dk\/index.php\/wp-json\/wp\/v2\/pages\/132"}],"collection":[{"href":"https:\/\/bryllup.schauweb.dk\/index.php\/wp-json\/wp\/v2\/pages"}],"about":[{"href":"https:\/\/bryllup.schauweb.dk\/index.php\/wp-json\/wp\/v2\/types\/page"}],"author":[{"embeddable":true,"href":"https:\/\/bryllup.schauweb.dk\/index.php\/wp-json\/wp\/v2\/users\/1"}],"replies":[{"embeddable":true,"href":"https:\/\/bryllup.schauweb.dk\/index.php\/wp-json\/wp\/v2\/comments?post=132"}],"version-history":[{"count":1,"href":"https:\/\/bryllup.schauweb.dk\/index.php\/wp-json\/wp\/v2\/pages\/132\/revisions"}],"predecessor-version":[{"id":134,"href":"https:\/\/bryllup.schauweb.dk\/index.php\/wp-json\/wp\/v2\/pages\/132\/revisions\/134"}],"up":[{"embeddable":true,"href":"https:\/\/bryllup.schauweb.dk\/index.php\/wp-json\/wp\/v2\/pages\/80"}],"wp:attachment":[{"href":"https:\/\/bryllup.schauweb.dk\/index.php\/wp-json\/wp\/v2\/media?parent=132"}],"curies":[{"name":"wp","href":"https:\/\/api.w.org\/{rel}","templated":true}]}}