{"id":48,"date":"2020-01-13T00:20:43","date_gmt":"2020-01-12T23:20:43","guid":{"rendered":"http:\/\/schaubryllup.azurewebsites.net\/?page_id=48"},"modified":"2020-06-07T22:57:09","modified_gmt":"2020-06-07T20:57:09","slug":"overnatning","status":"publish","type":"page","link":"https:\/\/bryllup.schauweb.dk\/index.php\/home\/overnatning\/","title":{"rendered":"Overnatning"},"content":{"rendered":"\n<p>Der er mulighed for overnatning p\u00e5 <a href=\"https:\/\/goo.gl\/maps\/UtYSa8x5uNcHWFwv5\">G\u00f8rdinglund<\/a>, hvor der er 14 v\u00e6relser.<\/p>\n\n\n\n<ul><li>12 x dobbelv\u00e6relser &#8211; 648,- <\/li><li>2 x 4 personers v\u00e6relser 1046,-<\/li><\/ul>\n\n\n\n<p>V\u00e6relserne bookes og fordeles igennem os, men v\u00e6r opm\u00e6rksom p\u00e5 at der ikke er v\u00e6relser til alle. Der findes heldigvis alternativer.<\/p>\n\n\n\n<p>Har man en campingvogn\/villatelt kan dette placeres bag festsalen. Kontakt os vedr. dette.<\/p>\n\n\n\n<p>Vi kan ogs\u00e5 henvise til flere B&amp;B i n\u00e6rheden.<\/p>\n\n\n\n<p><strong>Meld tilbage hurtigst muligt vedr. overnatning og morgenmad. <\/strong><\/p>\n\n\n\n<div class=\"wp-block-media-text alignwide\"><figure class=\"wp-block-media-text__media\"><img decoding=\"async\" loading=\"lazy\" width=\"1000\" height=\"464\" src=\"\/wp-content\/uploads\/2020\/06\/G\u00f8rdinglund.jpg\" alt=\"\" class=\"wp-image-127\" srcset=\"\/wp-content\/uploads\/2020\/06\/G\u00f8rdinglund.jpg 1000w, \/wp-content\/uploads\/2020\/06\/G\u00f8rdinglund-300x139.jpg 300w, \/wp-content\/uploads\/2020\/06\/G\u00f8rdinglund-768x356.jpg 768w\" sizes=\"(max-width: 706px) 89vw, (max-width: 767px) 82vw, 740px\" \/><\/figure><div class=\"wp-block-media-text__content\">\n<p class=\"has-normal-font-size\"><strong><a href=\"https:\/\/gordinglund.dk\">G\u00f8rdinglund<\/a><\/strong><\/p>\n\n\n\n<p class=\"has-normal-font-size\">Bookes igennem Sanne og Michael<\/p>\n<\/div><\/div>\n\n\n\n<iframe loading=\"lazy\" src=\"https:\/\/www.google.com\/maps\/embed?pb=!1m18!1m12!1m3!1d2260.8693320138127!2d8.787952116217705!3d55.482375220283245!2m3!1f0!2f0!3f0!3m2!1i1024!2i768!4f13.1!3m3!1m2!1s0x464b3e8be42128ef%3A0xc2790d79e1df94ed!2sG%C3%B8rdinglund!5e0!3m2!1sen!2sdk!4v1591563061759!5m2!1sen!2sdk\" width=\"600\" height=\"450\" frameborder=\"0\" style=\"border:0;\" allowfullscreen=\"\" aria-hidden=\"false\" tabindex=\"0\"><\/iframe>\n","protected":false},"excerpt":{"rendered":"<p>Der er mulighed for overnatning p\u00e5 G\u00f8rdinglund, hvor der er 14 v\u00e6relser. 12 x dobbelv\u00e6relser &#8211; 648,- 2 x 4 personers v\u00e6relser 1046,- V\u00e6relserne bookes og fordeles igennem os, men v\u00e6r opm\u00e6rksom p\u00e5 at der ikke er v\u00e6relser til alle. Der findes heldigvis alternativer. Har man en campingvogn\/villatelt kan dette placeres bag festsalen. Kontakt os &hellip; <\/p>\n<p class=\"link-more\"><a href=\"https:\/\/bryllup.schauweb.dk\/index.php\/home\/overnatning\/\" class=\"more-link\">Continue reading<span class=\"screen-reader-text\"> &#8220;Overnatning&#8221;<\/span><\/a><\/p>\n","protected":false},"author":1,"featured_media":0,"parent":80,"menu_order":0,"comment_status":"closed","ping_status":"closed","template":"","meta":{"footnotes":""},"yoast_head":"<!-- This site is optimized with the Yoast SEO plugin v21.2 - https:\/\/yoast.com\/wordpress\/plugins\/seo\/ -->\r\n<title>Overnatning - Sanne &amp; Michael<\/title>\r\n<meta name=\"robots\" content=\"noindex, follow, max-snippet:-1, max-image-preview:large, max-video-preview:-1\" \/>\r\n<meta property=\"og:locale\" content=\"en_US\" \/>\r\n<meta property=\"og:type\" content=\"article\" \/>\r\n<meta property=\"og:title\" content=\"Overnatning - Sanne &amp; Michael\" \/>\r\n<meta property=\"og:description\" content=\"Der er mulighed for overnatning p\u00e5 G\u00f8rdinglund, hvor der er 14 v\u00e6relser. 12 x dobbelv\u00e6relser &#8211; 648,- 2 x 4 personers v\u00e6relser 1046,- V\u00e6relserne bookes og fordeles igennem os, men v\u00e6r opm\u00e6rksom p\u00e5 at der ikke er v\u00e6relser til alle. Der findes heldigvis alternativer. Har man en campingvogn\/villatelt kan dette placeres bag festsalen. Kontakt os &hellip; Continue reading &quot;Overnatning&quot;\" \/>\r\n<meta property=\"og:url\" content=\"https:\/\/bryllup.schauweb.dk\/index.php\/home\/overnatning\/\" \/>\r\n<meta property=\"og:site_name\" content=\"Sanne &amp; Michael\" \/>\r\n<meta property=\"article:modified_time\" content=\"2020-06-07T20:57:09+00:00\" \/>\r\n<meta name=\"twitter:card\" content=\"summary_large_image\" \/>\r\n<script type=\"application\/ld+json\" class=\"yoast-schema-graph\">{\"@context\":\"https:\/\/schema.org\",\"@graph\":[{\"@type\":\"WebPage\",\"@id\":\"https:\/\/bryllup.schauweb.dk\/index.php\/home\/overnatning\/\",\"url\":\"https:\/\/bryllup.schauweb.dk\/index.php\/home\/overnatning\/\",\"name\":\"Overnatning - Sanne &amp; Michael\",\"isPartOf\":{\"@id\":\"https:\/\/schaubryllup.azurewebsites.net\/#website\"},\"datePublished\":\"2020-01-12T23:20:43+00:00\",\"dateModified\":\"2020-06-07T20:57:09+00:00\",\"breadcrumb\":{\"@id\":\"https:\/\/bryllup.schauweb.dk\/index.php\/home\/overnatning\/#breadcrumb\"},\"inLanguage\":\"en-US\",\"potentialAction\":[{\"@type\":\"ReadAction\",\"target\":[\"https:\/\/bryllup.schauweb.dk\/index.php\/home\/overnatning\/\"]}]},{\"@type\":\"BreadcrumbList\",\"@id\":\"https:\/\/bryllup.schauweb.dk\/index.php\/home\/overnatning\/#breadcrumb\",\"itemListElement\":[{\"@type\":\"ListItem\",\"position\":1,\"name\":\"Home\",\"item\":\"https:\/\/schaubryllup.azurewebsites.net\/\"},{\"@type\":\"ListItem\",\"position\":2,\"name\":\"Forside\",\"item\":\"https:\/\/schaubryllup.azurewebsites.net\/\"},{\"@type\":\"ListItem\",\"position\":3,\"name\":\"Overnatning\"}]},{\"@type\":\"WebSite\",\"@id\":\"https:\/\/schaubryllup.azurewebsites.net\/#website\",\"url\":\"https:\/\/schaubryllup.azurewebsites.net\/\",\"name\":\"Sanne &amp; Michael\",\"description\":\"Vi skal giftes!\",\"potentialAction\":[{\"@type\":\"SearchAction\",\"target\":{\"@type\":\"EntryPoint\",\"urlTemplate\":\"https:\/\/schaubryllup.azurewebsites.net\/?s={search_term_string}\"},\"query-input\":\"required name=search_term_string\"}],\"inLanguage\":\"en-US\"}]}<\/script>\r\n<!-- \/ Yoast SEO plugin. -->","yoast_head_json":{"title":"Overnatning - Sanne &amp; Michael","robots":{"index":"noindex","follow":"follow","max-snippet":"max-snippet:-1","max-image-preview":"max-image-preview:large","max-video-preview":"max-video-preview:-1"},"og_locale":"en_US","og_type":"article","og_title":"Overnatning - Sanne &amp; Michael","og_description":"Der er mulighed for overnatning p\u00e5 G\u00f8rdinglund, hvor der er 14 v\u00e6relser. 12 x dobbelv\u00e6relser &#8211; 648,- 2 x 4 personers v\u00e6relser 1046,- V\u00e6relserne bookes og fordeles igennem os, men v\u00e6r opm\u00e6rksom p\u00e5 at der ikke er v\u00e6relser til alle. Der findes heldigvis alternativer. Har man en campingvogn\/villatelt kan dette placeres bag festsalen. Kontakt os &hellip; Continue reading \"Overnatning\"","og_url":"https:\/\/bryllup.schauweb.dk\/index.php\/home\/overnatning\/","og_site_name":"Sanne &amp; Michael","article_modified_time":"2020-06-07T20:57:09+00:00","twitter_card":"summary_large_image","schema":{"@context":"https:\/\/schema.org","@graph":[{"@type":"WebPage","@id":"https:\/\/bryllup.schauweb.dk\/index.php\/home\/overnatning\/","url":"https:\/\/bryllup.schauweb.dk\/index.php\/home\/overnatning\/","name":"Overnatning - Sanne &amp; Michael","isPartOf":{"@id":"https:\/\/schaubryllup.azurewebsites.net\/#website"},"datePublished":"2020-01-12T23:20:43+00:00","dateModified":"2020-06-07T20:57:09+00:00","breadcrumb":{"@id":"https:\/\/bryllup.schauweb.dk\/index.php\/home\/overnatning\/#breadcrumb"},"inLanguage":"en-US","potentialAction":[{"@type":"ReadAction","target":["https:\/\/bryllup.schauweb.dk\/index.php\/home\/overnatning\/"]}]},{"@type":"BreadcrumbList","@id":"https:\/\/bryllup.schauweb.dk\/index.php\/home\/overnatning\/#breadcrumb","itemListElement":[{"@type":"ListItem","position":1,"name":"Home","item":"https:\/\/schaubryllup.azurewebsites.net\/"},{"@type":"ListItem","position":2,"name":"Forside","item":"https:\/\/schaubryllup.azurewebsites.net\/"},{"@type":"ListItem","position":3,"name":"Overnatning"}]},{"@type":"WebSite","@id":"https:\/\/schaubryllup.azurewebsites.net\/#website","url":"https:\/\/schaubryllup.azurewebsites.net\/","name":"Sanne &amp; Michael","description":"Vi skal giftes!","potentialAction":[{"@type":"SearchAction","target":{"@type":"EntryPoint","urlTemplate":"https:\/\/schaubryllup.azurewebsites.net\/?s={search_term_string}"},"query-input":"required name=search_term_string"}],"inLanguage":"en-US"}]}},"_links":{"self":[{"href":"https:\/\/bryllup.schauweb.dk\/index.php\/wp-json\/wp\/v2\/pages\/48"}],"collection":[{"href":"https:\/\/bryllup.schauweb.dk\/index.php\/wp-json\/wp\/v2\/pages"}],"about":[{"href":"https:\/\/bryllup.schauweb.dk\/index.php\/wp-json\/wp\/v2\/types\/page"}],"author":[{"embeddable":true,"href":"https:\/\/bryllup.schauweb.dk\/index.php\/wp-json\/wp\/v2\/users\/1"}],"replies":[{"embeddable":true,"href":"https:\/\/bryllup.schauweb.dk\/index.php\/wp-json\/wp\/v2\/comments?post=48"}],"version-history":[{"count":13,"href":"https:\/\/bryllup.schauweb.dk\/index.php\/wp-json\/wp\/v2\/pages\/48\/revisions"}],"predecessor-version":[{"id":140,"href":"https:\/\/bryllup.schauweb.dk\/index.php\/wp-json\/wp\/v2\/pages\/48\/revisions\/140"}],"up":[{"embeddable":true,"href":"https:\/\/bryllup.schauweb.dk\/index.php\/wp-json\/wp\/v2\/pages\/80"}],"wp:attachment":[{"href":"https:\/\/bryllup.schauweb.dk\/index.php\/wp-json\/wp\/v2\/media?parent=48"}],"curies":[{"name":"wp","href":"https:\/\/api.w.org\/{rel}","templated":true}]}}