{"id":80,"date":"2020-01-19T21:50:38","date_gmt":"2020-01-19T20:50:38","guid":{"rendered":"http:\/\/schaubryllup.azurewebsites.net\/?page_id=80"},"modified":"2020-01-20T23:26:15","modified_gmt":"2020-01-20T22:26:15","slug":"home","status":"publish","type":"page","link":"https:\/\/bryllup.schauweb.dk\/","title":{"rendered":"Forside"},"content":{"rendered":"\n<figure class=\"wp-block-embed-youtube wp-block-embed is-type-video is-provider-youtube wp-embed-aspect-16-9 wp-has-aspect-ratio wp-embed-aspect-4-3\"><div class=\"wp-block-embed__wrapper\">\n<iframe loading=\"lazy\" title=\"Lokalhistorisk arkiv\" width=\"525\" height=\"394\" src=\"https:\/\/www.youtube.com\/embed\/w8E649vTVg8?feature=oembed\" frameborder=\"0\" allow=\"accelerometer; autoplay; encrypted-media; gyroscope; picture-in-picture\" allowfullscreen><\/iframe>\n<\/div><\/figure>\n\n\n\n<h2 class=\"wp-block-heading\"><strong>Billeder og Video<\/strong><\/h2>\n\n\n\n<p>Vi kunne rigtig godt t\u00e6nke os at I bruger jeres mobiltelefoner under festen til at tage  billeder og video, s\u00e5 vi kan se tilbage p\u00e5 en fantastisk fest. <\/p>\n\n\n\n<p> <a href=\"https:\/\/schaudk-my.sharepoint.com\/:f:\/g\/personal\/schau_schaudk_onmicrosoft_com\/EjNV3EFJugBNgJWG0SFjYxMB8zo4j1qPG00U0EP7c8rsFw\">Klik her for at dele jeres billeder og video<\/a> <\/p>\n","protected":false},"excerpt":{"rendered":"<p>Billeder og Video Vi kunne rigtig godt t\u00e6nke os at I bruger jeres mobiltelefoner under festen til at tage billeder og video, s\u00e5 vi kan se tilbage p\u00e5 en fantastisk fest. Klik her for at dele jeres billeder og video<\/p>\n","protected":false},"author":1,"featured_media":0,"parent":0,"menu_order":0,"comment_status":"closed","ping_status":"closed","template":"","meta":{"footnotes":""},"yoast_head":"<!-- This site is optimized with the Yoast SEO plugin v21.2 - https:\/\/yoast.com\/wordpress\/plugins\/seo\/ -->\r\n<title>Forside - Sanne &amp; Michael<\/title>\r\n<meta name=\"robots\" content=\"noindex, follow, max-snippet:-1, max-image-preview:large, max-video-preview:-1\" \/>\r\n<meta property=\"og:locale\" content=\"en_US\" \/>\r\n<meta property=\"og:type\" content=\"article\" \/>\r\n<meta property=\"og:title\" content=\"Forside - Sanne &amp; Michael\" \/>\r\n<meta property=\"og:description\" content=\"Billeder og Video Vi kunne rigtig godt t\u00e6nke os at I bruger jeres mobiltelefoner under festen til at tage billeder og video, s\u00e5 vi kan se tilbage p\u00e5 en fantastisk fest. Klik her for at dele jeres billeder og video\" \/>\r\n<meta property=\"og:url\" content=\"https:\/\/schaubryllup.azurewebsites.net\/\" \/>\r\n<meta property=\"og:site_name\" content=\"Sanne &amp; Michael\" \/>\r\n<meta property=\"article:modified_time\" content=\"2020-01-20T22:26:15+00:00\" \/>\r\n<meta name=\"twitter:card\" content=\"summary_large_image\" \/>\r\n<script type=\"application\/ld+json\" class=\"yoast-schema-graph\">{\"@context\":\"https:\/\/schema.org\",\"@graph\":[{\"@type\":\"WebPage\",\"@id\":\"https:\/\/schaubryllup.azurewebsites.net\/\",\"url\":\"https:\/\/schaubryllup.azurewebsites.net\/\",\"name\":\"Forside - Sanne &amp; Michael\",\"isPartOf\":{\"@id\":\"https:\/\/schaubryllup.azurewebsites.net\/#website\"},\"datePublished\":\"2020-01-19T20:50:38+00:00\",\"dateModified\":\"2020-01-20T22:26:15+00:00\",\"breadcrumb\":{\"@id\":\"https:\/\/schaubryllup.azurewebsites.net\/#breadcrumb\"},\"inLanguage\":\"en-US\",\"potentialAction\":[{\"@type\":\"ReadAction\",\"target\":[\"https:\/\/schaubryllup.azurewebsites.net\/\"]}]},{\"@type\":\"BreadcrumbList\",\"@id\":\"https:\/\/schaubryllup.azurewebsites.net\/#breadcrumb\",\"itemListElement\":[{\"@type\":\"ListItem\",\"position\":1,\"name\":\"Home\",\"item\":\"https:\/\/schaubryllup.azurewebsites.net\/\"},{\"@type\":\"ListItem\",\"position\":2,\"name\":\"Forside\"}]},{\"@type\":\"WebSite\",\"@id\":\"https:\/\/schaubryllup.azurewebsites.net\/#website\",\"url\":\"https:\/\/schaubryllup.azurewebsites.net\/\",\"name\":\"Sanne &amp; Michael\",\"description\":\"Vi skal giftes!\",\"potentialAction\":[{\"@type\":\"SearchAction\",\"target\":{\"@type\":\"EntryPoint\",\"urlTemplate\":\"https:\/\/schaubryllup.azurewebsites.net\/?s={search_term_string}\"},\"query-input\":\"required name=search_term_string\"}],\"inLanguage\":\"en-US\"}]}<\/script>\r\n<!-- \/ Yoast SEO plugin. -->","yoast_head_json":{"title":"Forside - Sanne &amp; Michael","robots":{"index":"noindex","follow":"follow","max-snippet":"max-snippet:-1","max-image-preview":"max-image-preview:large","max-video-preview":"max-video-preview:-1"},"og_locale":"en_US","og_type":"article","og_title":"Forside - Sanne &amp; Michael","og_description":"Billeder og Video Vi kunne rigtig godt t\u00e6nke os at I bruger jeres mobiltelefoner under festen til at tage billeder og video, s\u00e5 vi kan se tilbage p\u00e5 en fantastisk fest. Klik her for at dele jeres billeder og video","og_url":"https:\/\/schaubryllup.azurewebsites.net\/","og_site_name":"Sanne &amp; Michael","article_modified_time":"2020-01-20T22:26:15+00:00","twitter_card":"summary_large_image","schema":{"@context":"https:\/\/schema.org","@graph":[{"@type":"WebPage","@id":"https:\/\/schaubryllup.azurewebsites.net\/","url":"https:\/\/schaubryllup.azurewebsites.net\/","name":"Forside - Sanne &amp; Michael","isPartOf":{"@id":"https:\/\/schaubryllup.azurewebsites.net\/#website"},"datePublished":"2020-01-19T20:50:38+00:00","dateModified":"2020-01-20T22:26:15+00:00","breadcrumb":{"@id":"https:\/\/schaubryllup.azurewebsites.net\/#breadcrumb"},"inLanguage":"en-US","potentialAction":[{"@type":"ReadAction","target":["https:\/\/schaubryllup.azurewebsites.net\/"]}]},{"@type":"BreadcrumbList","@id":"https:\/\/schaubryllup.azurewebsites.net\/#breadcrumb","itemListElement":[{"@type":"ListItem","position":1,"name":"Home","item":"https:\/\/schaubryllup.azurewebsites.net\/"},{"@type":"ListItem","position":2,"name":"Forside"}]},{"@type":"WebSite","@id":"https:\/\/schaubryllup.azurewebsites.net\/#website","url":"https:\/\/schaubryllup.azurewebsites.net\/","name":"Sanne &amp; Michael","description":"Vi skal giftes!","potentialAction":[{"@type":"SearchAction","target":{"@type":"EntryPoint","urlTemplate":"https:\/\/schaubryllup.azurewebsites.net\/?s={search_term_string}"},"query-input":"required name=search_term_string"}],"inLanguage":"en-US"}]}},"_links":{"self":[{"href":"https:\/\/bryllup.schauweb.dk\/index.php\/wp-json\/wp\/v2\/pages\/80"}],"collection":[{"href":"https:\/\/bryllup.schauweb.dk\/index.php\/wp-json\/wp\/v2\/pages"}],"about":[{"href":"https:\/\/bryllup.schauweb.dk\/index.php\/wp-json\/wp\/v2\/types\/page"}],"author":[{"embeddable":true,"href":"https:\/\/bryllup.schauweb.dk\/index.php\/wp-json\/wp\/v2\/users\/1"}],"replies":[{"embeddable":true,"href":"https:\/\/bryllup.schauweb.dk\/index.php\/wp-json\/wp\/v2\/comments?post=80"}],"version-history":[{"count":8,"href":"https:\/\/bryllup.schauweb.dk\/index.php\/wp-json\/wp\/v2\/pages\/80\/revisions"}],"predecessor-version":[{"id":121,"href":"https:\/\/bryllup.schauweb.dk\/index.php\/wp-json\/wp\/v2\/pages\/80\/revisions\/121"}],"wp:attachment":[{"href":"https:\/\/bryllup.schauweb.dk\/index.php\/wp-json\/wp\/v2\/media?parent=80"}],"curies":[{"name":"wp","href":"https:\/\/api.w.org\/{rel}","templated":true}]}}